{"id":1792,"date":"2023-11-12T20:11:56","date_gmt":"2023-11-12T20:11:56","guid":{"rendered":"https:\/\/iciec.com.ar\/?page_id=1792"},"modified":"2023-11-13T14:27:45","modified_gmt":"2023-11-13T14:27:45","slug":"bolsa-de-trabajo","status":"publish","type":"page","link":"https:\/\/iciec.com.ar\/index.php\/bolsa-de-trabajo\/","title":{"rendered":"Bolsa de trabajo"},"content":{"rendered":"\t\t<div data-elementor-type=\"wp-page\" data-elementor-id=\"1792\" class=\"elementor elementor-1792\">\n\t\t\t\t\t\t<section class=\"elementor-section elementor-top-section elementor-element elementor-element-247c76e elementor-section-boxed elementor-section-height-default elementor-section-height-default\" data-id=\"247c76e\" data-element_type=\"section\" data-settings=\"{&quot;background_background&quot;:&quot;classic&quot;}\">\n\t\t\t\t\t\t\t<div class=\"elementor-background-overlay\"><\/div>\n\t\t\t\t\t\t\t<div class=\"elementor-container elementor-column-gap-no\">\n\t\t\t\t\t<div class=\"elementor-column elementor-col-100 elementor-top-column elementor-element elementor-element-5c71b41\" data-id=\"5c71b41\" data-element_type=\"column\">\n\t\t\t<div class=\"elementor-widget-wrap elementor-element-populated\">\n\t\t\t\t\t\t<div class=\"elementor-element elementor-element-bd76e78 elementor-widget elementor-widget-heading\" data-id=\"bd76e78\" data-element_type=\"widget\" data-widget_type=\"heading.default\">\n\t\t\t\t<div class=\"elementor-widget-container\">\n\t\t\t\t\t<h1 class=\"elementor-heading-title elementor-size-default\">Bolsa de Trabajo<\/h1>\t\t\t\t<\/div>\n\t\t\t\t<\/div>\n\t\t\t\t<div class=\"elementor-element elementor-element-2ed5e19 elementor-widget elementor-widget-text-editor\" data-id=\"2ed5e19\" data-element_type=\"widget\" data-widget_type=\"text-editor.default\">\n\t\t\t\t<div class=\"elementor-widget-container\">\n\t\t\t\t\t\t\t\t\t<p>D\u00e1 un paso a tu nuevo futuro laboral. Renovamos nuestra herramienta para que puedas dejar actualizado tu CV. Cargalo y acced\u00e9\u00a0 tambi\u00e9n a importantes beneficios\u00a0 exclusivos para que\u00a0 sigas creciendo de manera personal y laboral.<\/p>\t\t\t\t\t\t\t\t<\/div>\n\t\t\t\t<\/div>\n\t\t\t\t\t<\/div>\n\t\t<\/div>\n\t\t\t\t\t<\/div>\n\t\t<\/section>\n\t\t\t\t<section class=\"elementor-section elementor-top-section elementor-element elementor-element-3defd27 elementor-section-boxed elementor-section-height-default elementor-section-height-default\" data-id=\"3defd27\" data-element_type=\"section\">\n\t\t\t\t\t\t<div class=\"elementor-container elementor-column-gap-default\">\n\t\t\t\t\t<div class=\"elementor-column elementor-col-100 elementor-top-column elementor-element elementor-element-b4705d1\" data-id=\"b4705d1\" data-element_type=\"column\">\n\t\t\t<div class=\"elementor-widget-wrap elementor-element-populated\">\n\t\t\t\t\t\t<div class=\"elementor-element elementor-element-95aa504 elementor-widget elementor-widget-text-editor\" data-id=\"95aa504\" data-element_type=\"widget\" data-widget_type=\"text-editor.default\">\n\t\t\t\t<div class=\"elementor-widget-container\">\n\t\t\t\t\t\t\t\t\t<p>\u00a0<\/p><p>Desde Instituto Ciec te queremos acompa\u00f1ar en tu crecimiento laboral creando herramientas para que puedas darle un \u00a1PLUS A TU CV!<\/p><p>Para ello, creamos y actualizamos nuestra BOLSA DE TRABAJO: de manera GRATUITA y OPTATIVA podr\u00e1s dejar tu CV y recibir propuestas laborales si est\u00e1s buscando tu primer trabajo o si est\u00e1s en la b\u00fasqueda de nuevas oportunidades.<\/p><p>Aquellas empresas que deseen buscar perfiles para sumarlos a sus equipos de trabajo, pueden acceder a la base de datos de nuestros alumn@s a trav\u00e9s de nuestro servicio de Consultor\u00eda. <\/p>\t\t\t\t\t\t\t\t<\/div>\n\t\t\t\t<\/div>\n\t\t\t\t\t<\/div>\n\t\t<\/div>\n\t\t\t\t\t<\/div>\n\t\t<\/section>\n\t\t\t\t<section class=\"elementor-section elementor-top-section elementor-element elementor-element-7e9afcc elementor-section-boxed elementor-section-height-default elementor-section-height-default\" data-id=\"7e9afcc\" data-element_type=\"section\">\n\t\t\t\t\t\t<div class=\"elementor-container elementor-column-gap-default\">\n\t\t\t\t\t<div class=\"elementor-column elementor-col-100 elementor-top-column elementor-element elementor-element-fcc838a\" data-id=\"fcc838a\" data-element_type=\"column\">\n\t\t\t<div class=\"elementor-widget-wrap elementor-element-populated\">\n\t\t\t\t\t\t<div class=\"elementor-element elementor-element-5520469 elementor-align-center elementor-invisible elementor-widget elementor-widget-button\" data-id=\"5520469\" data-element_type=\"widget\" data-settings=\"{&quot;_animation&quot;:&quot;bounceIn&quot;}\" data-widget_type=\"button.default\">\n\t\t\t\t<div class=\"elementor-widget-container\">\n\t\t\t\t\t\t\t\t\t<div class=\"elementor-button-wrapper\">\n\t\t\t\t\t<a class=\"elementor-button elementor-button-link elementor-size-md\" href=\"https:\/\/forms.gle\/9dA5wyHz5Cku9bCF9\">\n\t\t\t\t\t\t<span class=\"elementor-button-content-wrapper\">\n\t\t\t\t\t\t\t\t\t<span class=\"elementor-button-text\">CARG\u00c1 TU CV<\/span>\n\t\t\t\t\t<\/span>\n\t\t\t\t\t<\/a>\n\t\t\t\t<\/div>\n\t\t\t\t\t\t\t\t<\/div>\n\t\t\t\t<\/div>\n\t\t\t\t\t<\/div>\n\t\t<\/div>\n\t\t\t\t\t<\/div>\n\t\t<\/section>\n\t\t\t\t<section class=\"elementor-section elementor-top-section elementor-element elementor-element-f197e7f elementor-section-boxed elementor-section-height-default elementor-section-height-default\" data-id=\"f197e7f\" data-element_type=\"section\">\n\t\t\t\t\t\t<div class=\"elementor-container elementor-column-gap-default\">\n\t\t\t\t\t<div class=\"elementor-column elementor-col-100 elementor-top-column elementor-element elementor-element-25545fd\" data-id=\"25545fd\" data-element_type=\"column\">\n\t\t\t<div class=\"elementor-widget-wrap elementor-element-populated\">\n\t\t\t\t\t\t<div class=\"elementor-element elementor-element-bed733c elementor-widget elementor-widget-text-editor\" data-id=\"bed733c\" data-element_type=\"widget\" data-widget_type=\"text-editor.default\">\n\t\t\t\t<div class=\"elementor-widget-container\">\n\t\t\t\t\t\t\t\t\t<p>Contamos adem\u00e1s con una nueva \u00e1rea de negocios a partir del 2020, La consultora de Recursos\u00a0 Humanos, la cual vincula en forma directa nuestros alumnos al mundo laboral, como as\u00ed tambi\u00e9n\u00a0 ofreciendo diversos servicios a Pymes, capacitaciones in Company, seminarios y a nuestros alumnos, bolsa laboral, entre otras importantes acciones.<\/p><p>\u00a0<\/p>\t\t\t\t\t\t\t\t<\/div>\n\t\t\t\t<\/div>\n\t\t\t\t\t<\/div>\n\t\t<\/div>\n\t\t\t\t\t<\/div>\n\t\t<\/section>\n\t\t\t\t<section class=\"elementor-section elementor-top-section elementor-element elementor-element-8528506 elementor-section-boxed elementor-section-height-default elementor-section-height-default\" data-id=\"8528506\" data-element_type=\"section\">\n\t\t\t\t\t\t<div class=\"elementor-container elementor-column-gap-default\">\n\t\t\t\t\t<div class=\"elementor-column elementor-col-100 elementor-top-column elementor-element elementor-element-22a709e\" data-id=\"22a709e\" data-element_type=\"column\">\n\t\t\t<div class=\"elementor-widget-wrap elementor-element-populated\">\n\t\t\t\t\t\t<div class=\"elementor-element elementor-element-3e34d74 elementor-widget elementor-widget-image\" data-id=\"3e34d74\" data-element_type=\"widget\" data-widget_type=\"image.default\">\n\t\t\t\t<div class=\"elementor-widget-container\">\n\t\t\t\t\t\t\t\t\t\t\t\t\t\t\t<img fetchpriority=\"high\" decoding=\"async\" width=\"768\" height=\"401\" src=\"https:\/\/iciec.com.ar\/wp-content\/uploads\/2023\/11\/WhatsApp-Image-2023-11-13-at-10.45.46-768x401.jpeg\" class=\"attachment-medium_large size-medium_large wp-image-1811\" alt=\"\" srcset=\"https:\/\/iciec.com.ar\/wp-content\/uploads\/2023\/11\/WhatsApp-Image-2023-11-13-at-10.45.46-768x401.jpeg 768w, https:\/\/iciec.com.ar\/wp-content\/uploads\/2023\/11\/WhatsApp-Image-2023-11-13-at-10.45.46-300x157.jpeg 300w, https:\/\/iciec.com.ar\/wp-content\/uploads\/2023\/11\/WhatsApp-Image-2023-11-13-at-10.45.46-1024x534.jpeg 1024w, https:\/\/iciec.com.ar\/wp-content\/uploads\/2023\/11\/WhatsApp-Image-2023-11-13-at-10.45.46-1536x802.jpeg 1536w, https:\/\/iciec.com.ar\/wp-content\/uploads\/2023\/11\/WhatsApp-Image-2023-11-13-at-10.45.46-600x313.jpeg 600w, https:\/\/iciec.com.ar\/wp-content\/uploads\/2023\/11\/WhatsApp-Image-2023-11-13-at-10.45.46.jpeg 1600w\" sizes=\"(max-width: 768px) 100vw, 768px\" \/>\t\t\t\t\t\t\t\t\t\t\t\t\t\t\t<\/div>\n\t\t\t\t<\/div>\n\t\t\t\t\t<\/div>\n\t\t<\/div>\n\t\t\t\t\t<\/div>\n\t\t<\/section>\n\t\t\t\t<\/div>\n\t\t","protected":false},"excerpt":{"rendered":"<p>Bolsa de Trabajo D\u00e1 un paso a tu nuevo futuro laboral. Renovamos nuestra herramienta para que puedas dejar actualizado tu CV. Cargalo y acced\u00e9\u00a0 tambi\u00e9n a importantes beneficios\u00a0 exclusivos para que\u00a0 sigas creciendo de manera personal y laboral. \u00a0 Desde Instituto Ciec te queremos acompa\u00f1ar en tu crecimiento laboral creando herramientas para que puedas darle [&hellip;]<\/p>\n","protected":false},"author":1,"featured_media":0,"parent":0,"menu_order":0,"comment_status":"closed","ping_status":"closed","template":"","meta":{"site-sidebar-layout":"no-sidebar","site-content-layout":"page-builder","ast-site-content-layout":"","site-content-style":"default","site-sidebar-style":"default","ast-global-header-display":"","ast-banner-title-visibility":"","ast-main-header-display":"","ast-hfb-above-header-display":"","ast-hfb-below-header-display":"","ast-hfb-mobile-header-display":"","site-post-title":"disabled","ast-breadcrumbs-content":"","ast-featured-img":"disabled","footer-sml-layout":"","theme-transparent-header-meta":"","adv-header-id-meta":"","stick-header-meta":"","header-above-stick-meta":"","header-main-stick-meta":"","header-below-stick-meta":"","astra-migrate-meta-layouts":"default","ast-page-background-enabled":"default","ast-page-background-meta":{"desktop":{"background-color":"","background-image":"","background-repeat":"repeat","background-position":"center center","background-size":"auto","background-attachment":"scroll","background-type":"","background-media":"","overlay-type":"","overlay-color":"","overlay-opacity":"","overlay-gradient":""},"tablet":{"background-color":"","background-image":"","background-repeat":"repeat","background-position":"center center","background-size":"auto","background-attachment":"scroll","background-type":"","background-media":"","overlay-type":"","overlay-color":"","overlay-opacity":"","overlay-gradient":""},"mobile":{"background-color":"","background-image":"","background-repeat":"repeat","background-position":"center center","background-size":"auto","background-attachment":"scroll","background-type":"","background-media":"","overlay-type":"","overlay-color":"","overlay-opacity":"","overlay-gradient":""}},"ast-content-background-meta":{"desktop":{"background-color":"var(--ast-global-color-5)","background-image":"","background-repeat":"repeat","background-position":"center center","background-size":"auto","background-attachment":"scroll","background-type":"","background-media":"","overlay-type":"","overlay-color":"","overlay-opacity":"","overlay-gradient":""},"tablet":{"background-color":"var(--ast-global-color-5)","background-image":"","background-repeat":"repeat","background-position":"center center","background-size":"auto","background-attachment":"scroll","background-type":"","background-media":"","overlay-type":"","overlay-color":"","overlay-opacity":"","overlay-gradient":""},"mobile":{"background-color":"var(--ast-global-color-5)","background-image":"","background-repeat":"repeat","background-position":"center center","background-size":"auto","background-attachment":"scroll","background-type":"","background-media":"","overlay-type":"","overlay-color":"","overlay-opacity":"","overlay-gradient":""}},"footnotes":""},"class_list":["post-1792","page","type-page","status-publish","hentry"],"_links":{"self":[{"href":"https:\/\/iciec.com.ar\/index.php\/wp-json\/wp\/v2\/pages\/1792","targetHints":{"allow":["GET"]}}],"collection":[{"href":"https:\/\/iciec.com.ar\/index.php\/wp-json\/wp\/v2\/pages"}],"about":[{"href":"https:\/\/iciec.com.ar\/index.php\/wp-json\/wp\/v2\/types\/page"}],"author":[{"embeddable":true,"href":"https:\/\/iciec.com.ar\/index.php\/wp-json\/wp\/v2\/users\/1"}],"replies":[{"embeddable":true,"href":"https:\/\/iciec.com.ar\/index.php\/wp-json\/wp\/v2\/comments?post=1792"}],"version-history":[{"count":22,"href":"https:\/\/iciec.com.ar\/index.php\/wp-json\/wp\/v2\/pages\/1792\/revisions"}],"predecessor-version":[{"id":1822,"href":"https:\/\/iciec.com.ar\/index.php\/wp-json\/wp\/v2\/pages\/1792\/revisions\/1822"}],"wp:attachment":[{"href":"https:\/\/iciec.com.ar\/index.php\/wp-json\/wp\/v2\/media?parent=1792"}],"curies":[{"name":"wp","href":"https:\/\/api.w.org\/{rel}","templated":true}]}}